{"id":63,"date":"2018-10-09T08:38:16","date_gmt":"2018-10-09T06:38:16","guid":{"rendered":"https:\/\/pincekertvendeglo.hu\/?page_id=63"},"modified":"2024-11-13T12:14:45","modified_gmt":"2024-11-13T11:14:45","slug":"rolunk","status":"publish","type":"page","link":"https:\/\/pincekertvendeglo.hu\/?page_id=63","title":{"rendered":"R\u00f3lunk"},"content":{"rendered":"\t\t<div data-elementor-type=\"wp-post\" data-elementor-id=\"63\" class=\"elementor elementor-63\">\n\t\t\t\t\t\t<section class=\"elementor-section elementor-top-section elementor-element elementor-element-02162b1 elementor-section-boxed elementor-section-height-default elementor-section-height-default\" data-id=\"02162b1\" data-element_type=\"section\" data-settings=\"{&quot;background_background&quot;:&quot;classic&quot;}\">\n\t\t\t\t\t\t\t<div class=\"elementor-background-overlay\"><\/div>\n\t\t\t\t\t\t\t<div class=\"elementor-container elementor-column-gap-no\">\n\t\t\t\t\t<div class=\"aux-parallax-section elementor-column elementor-col-100 elementor-top-column elementor-element elementor-element-b8b47ee\" data-id=\"b8b47ee\" data-element_type=\"column\">\n\t\t\t<div class=\"elementor-widget-wrap elementor-element-populated\">\n\t\t\t\t\t\t<div class=\"elementor-element elementor-element-3675f76 aux-appear-watch-animation aux-fade-in-right elementor-widget elementor-widget-aux_modern_heading\" data-id=\"3675f76\" data-element_type=\"widget\" data-widget_type=\"aux_modern_heading.default\">\n\t\t\t\t<div class=\"elementor-widget-container\">\n\t\t\t<section class=\"aux-widget-modern-heading\">\n            <div class=\"aux-widget-inner\"><div class=\"aux-modern-heading-divider\"><\/div><h2 class=\"aux-modern-heading-primary\">R\u00d3LUNK<\/h2><\/div>\n        <\/section>\t\t<\/div>\n\t\t\t\t<\/div>\n\t\t\t\t\t<\/div>\n\t\t<\/div>\n\t\t\t\t\t<\/div>\n\t\t<\/section>\n\t\t\t\t<section class=\"elementor-section elementor-top-section elementor-element elementor-element-65abd87 elementor-section-boxed elementor-section-height-default elementor-section-height-default\" data-id=\"65abd87\" data-element_type=\"section\">\n\t\t\t\t\t\t<div class=\"elementor-container elementor-column-gap-no\">\n\t\t\t\t\t<div class=\"aux-parallax-section elementor-column elementor-col-50 elementor-top-column elementor-element elementor-element-21dde20\" data-id=\"21dde20\" data-element_type=\"column\">\n\t\t\t<div class=\"elementor-widget-wrap elementor-element-populated\">\n\t\t\t\t\t\t<div class=\"elementor-element elementor-element-cb96a76 aux-appear-watch-animation aux-scale-down elementor-invisible elementor-widget elementor-widget-aux_image\" data-id=\"cb96a76\" data-element_type=\"widget\" data-settings=\"{&quot;_animation&quot;:&quot;fadeInUp&quot;}\" data-widget_type=\"aux_image.default\">\n\t\t\t\t<div class=\"elementor-widget-container\">\n\t\t\t<section class=\"widget-container aux-widget-image aux-alignnone aux-parent-au6792bf55\">\n    <div class=\"aux-media-hint-frame \">\n        <div class=\"aux-media-image \" >\n        \n            \n\n            \n            <img fetchpriority=\"high\" decoding=\"async\" width=\"784\" height=\"684\" src=\"data:image\/gif;base64,R0lGODlhAQABAIAAAAAAAP\/\/\/yH5BAEAAAAALAAAAAABAAEAAAIBRAA7\" class=\"aux-attachment aux-featured-image aux-attachment-id-193 aux-preload aux-blank\" alt=\"363748225_862079048956174_5625960542578711447_n\" data-ratio=\"1.15\" data-original-w=\"2048\" sizes=\"auto\" data-srcset=\"https:\/\/pincekertvendeglo.hu\/wp-content\/uploads\/2024\/10\/363748225_862079048956174_5625960542578711447_n-150x131.jpg 150w,https:\/\/pincekertvendeglo.hu\/wp-content\/uploads\/2024\/10\/363748225_862079048956174_5625960542578711447_n-300x262.jpg 300w,https:\/\/pincekertvendeglo.hu\/wp-content\/uploads\/2024\/10\/363748225_862079048956174_5625960542578711447_n-768x670.jpg 768w,https:\/\/pincekertvendeglo.hu\/wp-content\/uploads\/2024\/10\/363748225_862079048956174_5625960542578711447_n-1024x893.jpg 1024w,https:\/\/pincekertvendeglo.hu\/wp-content\/uploads\/2024\/10\/363748225_862079048956174_5625960542578711447_n-784x684.jpg 784w\" data-src=\"https:\/\/pincekertvendeglo.hu\/wp-content\/uploads\/2024\/10\/363748225_862079048956174_5625960542578711447_n-784x684.jpg\" \/>            \n                <\/div>\n    <\/div>\n\n<\/section><!-- widget-container -->\t\t<\/div>\n\t\t\t\t<\/div>\n\t\t\t\t\t<\/div>\n\t\t<\/div>\n\t\t\t\t<div class=\"aux-parallax-section elementor-column elementor-col-50 elementor-top-column elementor-element elementor-element-6ff9175\" data-id=\"6ff9175\" data-element_type=\"column\">\n\t\t\t<div class=\"elementor-widget-wrap elementor-element-populated\">\n\t\t\t\t\t\t<div class=\"elementor-element elementor-element-40c3575 aux-appear-watch-animation aux-fade-in-up elementor-widget elementor-widget-aux_modern_heading\" data-id=\"40c3575\" data-element_type=\"widget\" data-widget_type=\"aux_modern_heading.default\">\n\t\t\t\t<div class=\"elementor-widget-container\">\n\t\t\t<section class=\"aux-widget-modern-heading\">\n            <div class=\"aux-widget-inner\"><h2 class=\"aux-modern-heading-primary\">A Pincekert \u00c9tterem<br>\na Magyar konyha szerelmeseinek meg\u00e1lmodott hely<\/h2><h3 class=\"aux-modern-heading-secondary\"><span class=\"aux-head-before\">\u00dcDV\u00d6ZL\u00dcNK \u00c9TTERM\u00dcNKBEN<\/span><\/h3><div class=\"aux-modern-heading-divider\"><\/div><div class=\"aux-modern-heading-description\"><p>Azzal a c\u00e9llal, hogy visszahozzuk a r\u00e9gi id\u0151k \u00edzeit \u00e9s a h\u00e1zias \u00e9telek ir\u00e1nti szeretetet. Sz\u00e1munkra fontos, hogy vend\u00e9geinknek mindig olyan \u00e9lm\u00e9nyt ny\u00fajtsunk, mintha egy bar\u00e1ts\u00e1gos, melegsz\u00edv\u0171 vid\u00e9ki otthonba t\u00e9rn\u00e9nek be.<\/p><p>\u00c9tlapunk a hagyom\u00e1nyos magyar \u00e9teleket \u00fcnnepli, s\u00e9f\u00fcnk pedig minden fog\u00e1sba beleadja sz\u00edv\u00e9t-lelk\u00e9t, hogy a r\u00e9gi receptek \u00e9s a modern \u00edzek t\u00f6k\u00e9letes harm\u00f3ni\u00e1ban tal\u00e1lkozzanak. Legyen sz\u00f3 egy kiad\u00f3s csal\u00e1di eb\u00e9dr\u0151l, egy kellemes esti vacsor\u00e1r\u00f3l vagy egy k\u00fcl\u00f6nleges esem\u00e9nyr\u0151l, n\u00e1lunk mindenki megtal\u00e1lja a sz\u00e1m\u00e1ra kedves fog\u00e1st.<\/p><p>A Pincekert \u00c9tteremben nem csak az \u00e9tel, hanem a k\u00f6rnyezet is a vend\u00e9geink k\u00e9nyelm\u00e9t szolg\u00e1lja. Hangulatos bels\u0151 tereink \u00e9s t\u00e1gas pincekert\u00fcnk t\u00f6k\u00e9letes helysz\u00ednt ny\u00fajtanak egy eml\u00e9kezetes \u00e9tkez\u00e9shez. Mi, a Pincekert csapata, abban hisz\u00fcnk, hogy a legjobb \u00e9lm\u00e9nyek azok, amelyeket egy\u00fctt \u00e9l\u00fcnk \u00e1t \u2013 \u00e9s b\u00edzunk benne, hogy n\u00e1lunk mindenki otthon \u00e9rzi mag\u00e1t.<\/p><\/div><\/div>\n        <\/section>\t\t<\/div>\n\t\t\t\t<\/div>\n\t\t\t\t<div class=\"elementor-element elementor-element-a66123a aux-appear-watch-animation aux-fade-in-up-1 elementor-widget elementor-widget-aux_image\" data-id=\"a66123a\" data-element_type=\"widget\" data-widget_type=\"aux_image.default\">\n\t\t\t\t<div class=\"elementor-widget-container\">\n\t\t\t<section class=\"widget-container aux-widget-image aux-alignnone aux-parent-au66d152e6\">\n    <div class=\"aux-media-hint-frame \">\n        <div class=\"aux-media-image \" >\n        \n            \n\n            \n            <img decoding=\"async\" width=\"596\" height=\"248\" src=\"https:\/\/pincekertvendeglo.hu\/wp-content\/uploads\/2024\/11\/OnlineSignatures.net-326-Zoltan-Cser-.png\" class=\"aux-attachment aux-featured-image aux-attachment-id-232\" alt=\"OnlineSignatures.net-326-Zoltan Cser\" data-ratio=\"2.4\" data-original-w=\"596\" \/>            \n                <\/div>\n    <\/div>\n\n<\/section><!-- widget-container -->\t\t<\/div>\n\t\t\t\t<\/div>\n\t\t\t\t\t<\/div>\n\t\t<\/div>\n\t\t\t\t\t<\/div>\n\t\t<\/section>\n\t\t\t\t<section class=\"elementor-section elementor-top-section elementor-element elementor-element-b4c35cb elementor-section-boxed elementor-section-height-default elementor-section-height-default\" data-id=\"b4c35cb\" data-element_type=\"section\">\n\t\t\t\t\t\t<div class=\"elementor-container elementor-column-gap-no\">\n\t\t\t\t\t<div class=\"aux-parallax-section elementor-column elementor-col-100 elementor-top-column elementor-element elementor-element-70bdb07\" data-id=\"70bdb07\" data-element_type=\"column\">\n\t\t\t<div class=\"elementor-widget-wrap elementor-element-populated\">\n\t\t\t\t\t\t<div class=\"elementor-element elementor-element-a0a9928 aux-appear-watch-animation aux-scale-down elementor-widget elementor-widget-aux_modern_heading\" data-id=\"a0a9928\" data-element_type=\"widget\" data-widget_type=\"aux_modern_heading.default\">\n\t\t\t\t<div class=\"elementor-widget-container\">\n\t\t\t<section class=\"aux-widget-modern-heading\">\n            <div class=\"aux-widget-inner\"><h2 class=\"aux-modern-heading-primary\">Mi\u00e9rt minket v\u00e1lassz?<\/h2><h3 class=\"aux-modern-heading-secondary\"><span class=\"aux-head-before\">N\u00c9H\u00c1NY REMEK INDOK<\/span><\/h3><\/div>\n        <\/section>\t\t<\/div>\n\t\t\t\t<\/div>\n\t\t\t\t\t<\/div>\n\t\t<\/div>\n\t\t\t\t\t<\/div>\n\t\t<\/section>\n\t\t\t\t<section class=\"elementor-section elementor-top-section elementor-element elementor-element-073ffae elementor-section-boxed elementor-section-height-default elementor-section-height-default\" data-id=\"073ffae\" data-element_type=\"section\">\n\t\t\t\t\t\t<div class=\"elementor-container elementor-column-gap-default\">\n\t\t\t\t\t<div class=\"aux-parallax-section elementor-column elementor-col-33 elementor-top-column elementor-element elementor-element-e4f58e3 aux-appear-watch-animation aux-fade-in-left-1\" data-id=\"e4f58e3\" data-element_type=\"column\">\n\t\t\t<div class=\"elementor-widget-wrap elementor-element-populated\">\n\t\t\t\t\t\t<div class=\"elementor-element elementor-element-e940764 elementor-position-top elementor-widget elementor-widget-image-box\" data-id=\"e940764\" data-element_type=\"widget\" data-widget_type=\"image-box.default\">\n\t\t\t\t<div class=\"elementor-widget-container\">\n\t\t\t<div class=\"elementor-image-box-wrapper\"><figure class=\"elementor-image-box-img\"><img decoding=\"async\" src=\"https:\/\/pincekertvendeglo.hu\/wp-content\/uploads\/elementor\/thumbs\/grrrf-qw9ykpvjoz2dbdfyc1y1hat0va920ew5yngmom61vg.png\" title=\"demo-attachment-1065-grrrf\" alt=\"\" loading=\"lazy\" \/><\/figure><div class=\"elementor-image-box-content\"><h3 class=\"elementor-image-box-title\">INGYENES KISZ\u00c1LLIT\u00c1S<\/h3><p class=\"elementor-image-box-description\">Balatonkereszt\u00far \u00e9s Balatonm\u00e1riaf\u00fcrd\u0151\n\n<\/p><\/div><\/div>\t\t<\/div>\n\t\t\t\t<\/div>\n\t\t\t\t\t<\/div>\n\t\t<\/div>\n\t\t\t\t<div class=\"aux-parallax-section elementor-column elementor-col-33 elementor-top-column elementor-element elementor-element-b4f55c8 aux-appear-watch-animation aux-fade-in-left-1\" data-id=\"b4f55c8\" data-element_type=\"column\">\n\t\t\t<div class=\"elementor-widget-wrap elementor-element-populated\">\n\t\t\t\t\t\t<div class=\"elementor-element elementor-element-4d6582a elementor-position-top elementor-widget elementor-widget-image-box\" data-id=\"4d6582a\" data-element_type=\"widget\" data-widget_type=\"image-box.default\">\n\t\t\t\t<div class=\"elementor-widget-container\">\n\t\t\t<div class=\"elementor-image-box-wrapper\"><figure class=\"elementor-image-box-img\"><img decoding=\"async\" src=\"https:\/\/pincekertvendeglo.hu\/wp-content\/uploads\/elementor\/thumbs\/v-qw9ykpvjoz2dbdfyc1y1hat0va920ew5yngmom61vg.png\" title=\"demo-attachment-1022-v\" alt=\"\" loading=\"lazy\" \/><\/figure><div class=\"elementor-image-box-content\"><h3 class=\"elementor-image-box-title\">TAPASZTALT S\u00c9F<\/h3><p class=\"elementor-image-box-description\">A Pincekert \u00c9tterem konyh\u00e1j\u00e1t egy igazi mesterszak\u00e1cs vezeti, aki t\u00f6bb \u00e9vtizedes tapasztalattal \u00e9s hatalmas szenved\u00e9llyel dolgozik a magyar konyha meg\u00faj\u00edt\u00e1s\u00e1n. S\u00e9f\u00fcnk Zolt\u00e1n, elk\u00f6telezett h\u00edve a hagyom\u00e1nyos, h\u00e1zias \u00edzeknek, amelyeket a legjobb min\u0151s\u00e9g\u0171 helyi alapanyagokb\u00f3l var\u00e1zsol el\u00e9nk.<\/p><\/div><\/div>\t\t<\/div>\n\t\t\t\t<\/div>\n\t\t\t\t\t<\/div>\n\t\t<\/div>\n\t\t\t\t<div class=\"aux-parallax-section elementor-column elementor-col-33 elementor-top-column elementor-element elementor-element-b0ef1d7 aux-appear-watch-animation aux-fade-in-left-1\" data-id=\"b0ef1d7\" data-element_type=\"column\">\n\t\t\t<div class=\"elementor-widget-wrap elementor-element-populated\">\n\t\t\t\t\t\t<div class=\"elementor-element elementor-element-de3a09d elementor-position-top elementor-widget elementor-widget-image-box\" data-id=\"de3a09d\" data-element_type=\"widget\" data-widget_type=\"image-box.default\">\n\t\t\t\t<div class=\"elementor-widget-container\">\n\t\t\t<div class=\"elementor-image-box-wrapper\"><figure class=\"elementor-image-box-img\"><img decoding=\"async\" src=\"https:\/\/pincekertvendeglo.hu\/wp-content\/uploads\/elementor\/thumbs\/k.l-qw9ykpvjoz2dbdfyc1y1hat0va920ew5yngmom61vg.png\" title=\"demo-attachment-1066-k.l\" alt=\"\" loading=\"lazy\" \/><\/figure><div class=\"elementor-image-box-content\"><h3 class=\"elementor-image-box-title\">LENY\u0170G\u00d6Z\u0150 RECEPTEK<\/h3><p class=\"elementor-image-box-description\">Egyedi receptjei \u00f6tv\u00f6zik a hagyom\u00e1nyt \u00e9s a kreativit\u00e1st, hogy minden fog\u00e1sban megjelenjenek a magyar konyha legnemesebb \u00edzei, egy kis csavarral f\u0171szerezve.<\/p><\/div><\/div>\t\t<\/div>\n\t\t\t\t<\/div>\n\t\t\t\t\t<\/div>\n\t\t<\/div>\n\t\t\t\t\t<\/div>\n\t\t<\/section>\n\t\t\t\t<section class=\"elementor-section elementor-top-section elementor-element elementor-element-d635e01 aux-appear-watch-animation aux-fade-in-up elementor-section-boxed elementor-section-height-default elementor-section-height-default\" data-id=\"d635e01\" data-element_type=\"section\" data-settings=\"{&quot;background_background&quot;:&quot;classic&quot;}\">\n\t\t\t\t\t\t<div class=\"elementor-container elementor-column-gap-default\">\n\t\t\t\t\t<div class=\"aux-parallax-section elementor-column elementor-col-100 elementor-top-column elementor-element elementor-element-6132b6f\" data-id=\"6132b6f\" data-element_type=\"column\">\n\t\t\t<div class=\"elementor-widget-wrap elementor-element-populated\">\n\t\t\t\t\t\t<section class=\"elementor-section elementor-inner-section elementor-element elementor-element-f64d7c9 elementor-section-boxed elementor-section-height-default elementor-section-height-default\" data-id=\"f64d7c9\" data-element_type=\"section\">\n\t\t\t\t\t\t<div class=\"elementor-container elementor-column-gap-default\">\n\t\t\t\t\t<div class=\"aux-parallax-section elementor-column elementor-col-16 elementor-inner-column elementor-element elementor-element-77dfa2a\" data-id=\"77dfa2a\" data-element_type=\"column\">\n\t\t\t<div class=\"elementor-widget-wrap elementor-element-populated\">\n\t\t\t\t\t\t<div class=\"elementor-element elementor-element-3924f20 elementor-widget elementor-widget-spacer\" data-id=\"3924f20\" data-element_type=\"widget\" data-widget_type=\"spacer.default\">\n\t\t\t\t<div class=\"elementor-widget-container\">\n\t\t\t\t\t<div class=\"elementor-spacer\">\n\t\t\t<div class=\"elementor-spacer-inner\"><\/div>\n\t\t<\/div>\n\t\t\t\t<\/div>\n\t\t\t\t<\/div>\n\t\t\t\t<div class=\"elementor-element elementor-element-8650fee elementor-widget elementor-widget-spacer\" data-id=\"8650fee\" data-element_type=\"widget\" data-widget_type=\"spacer.default\">\n\t\t\t\t<div class=\"elementor-widget-container\">\n\t\t\t\t\t<div class=\"elementor-spacer\">\n\t\t\t<div class=\"elementor-spacer-inner\"><\/div>\n\t\t<\/div>\n\t\t\t\t<\/div>\n\t\t\t\t<\/div>\n\t\t\t\t<div class=\"elementor-element elementor-element-f76a860 elementor-widget elementor-widget-spacer\" data-id=\"f76a860\" data-element_type=\"widget\" data-widget_type=\"spacer.default\">\n\t\t\t\t<div class=\"elementor-widget-container\">\n\t\t\t\t\t<div class=\"elementor-spacer\">\n\t\t\t<div class=\"elementor-spacer-inner\"><\/div>\n\t\t<\/div>\n\t\t\t\t<\/div>\n\t\t\t\t<\/div>\n\t\t\t\t\t<\/div>\n\t\t<\/div>\n\t\t\t\t<div class=\"aux-parallax-section elementor-column elementor-col-16 elementor-inner-column elementor-element elementor-element-51498dd\" data-id=\"51498dd\" data-element_type=\"column\">\n\t\t\t<div class=\"elementor-widget-wrap\">\n\t\t\t\t\t\t\t<\/div>\n\t\t<\/div>\n\t\t\t\t<div class=\"aux-parallax-section elementor-column elementor-col-16 elementor-inner-column elementor-element elementor-element-b7a0e19\" data-id=\"b7a0e19\" data-element_type=\"column\">\n\t\t\t<div class=\"elementor-widget-wrap\">\n\t\t\t\t\t\t\t<\/div>\n\t\t<\/div>\n\t\t\t\t<div class=\"aux-parallax-section elementor-column elementor-col-16 elementor-inner-column elementor-element elementor-element-0048709\" data-id=\"0048709\" data-element_type=\"column\">\n\t\t\t<div class=\"elementor-widget-wrap\">\n\t\t\t\t\t\t\t<\/div>\n\t\t<\/div>\n\t\t\t\t<div class=\"aux-parallax-section elementor-column elementor-col-16 elementor-inner-column elementor-element elementor-element-03e9eca\" data-id=\"03e9eca\" data-element_type=\"column\">\n\t\t\t<div class=\"elementor-widget-wrap\">\n\t\t\t\t\t\t\t<\/div>\n\t\t<\/div>\n\t\t\t\t<div class=\"aux-parallax-section elementor-column elementor-col-16 elementor-inner-column elementor-element elementor-element-f63fac4\" data-id=\"f63fac4\" data-element_type=\"column\">\n\t\t\t<div class=\"elementor-widget-wrap\">\n\t\t\t\t\t\t\t<\/div>\n\t\t<\/div>\n\t\t\t\t\t<\/div>\n\t\t<\/section>\n\t\t\t\t\t<\/div>\n\t\t<\/div>\n\t\t\t\t\t<\/div>\n\t\t<\/section>\n\t\t\t\t<\/div>\n\t\t","protected":false},"excerpt":{"rendered":"<p>R\u00d3LUNK A Pincekert \u00c9tterem a Magyar konyha szerelmeseinek meg\u00e1lmodott hely \u00dcDV\u00d6ZL\u00dcNK \u00c9TTERM\u00dcNKBEN Azzal a c\u00e9llal, hogy visszahozzuk a r\u00e9gi id\u0151k \u00edzeit \u00e9s a h\u00e1zias \u00e9telek ir\u00e1nti szeretetet. Sz\u00e1munkra fontos, hogy vend\u00e9geinknek mindig olyan \u00e9lm\u00e9nyt ny\u00fajtsunk, mintha egy bar\u00e1ts\u00e1gos, melegsz\u00edv\u0171 vid\u00e9ki otthonba t\u00e9rn\u00e9nek be. \u00c9tlapunk a hagyom\u00e1nyos magyar \u00e9teleket \u00fcnnepli, s\u00e9f\u00fcnk pedig minden fog\u00e1sba beleadja sz\u00edv\u00e9t-lelk\u00e9t, [&hellip;]<\/p>\n","protected":false},"author":1,"featured_media":0,"parent":0,"menu_order":0,"comment_status":"closed","ping_status":"closed","template":"templates\/page-builder-content.php","meta":{"footnotes":""},"class_list":["post-63","page","type-page","status-publish","hentry"],"_links":{"self":[{"href":"https:\/\/pincekertvendeglo.hu\/index.php?rest_route=\/wp\/v2\/pages\/63","targetHints":{"allow":["GET"]}}],"collection":[{"href":"https:\/\/pincekertvendeglo.hu\/index.php?rest_route=\/wp\/v2\/pages"}],"about":[{"href":"https:\/\/pincekertvendeglo.hu\/index.php?rest_route=\/wp\/v2\/types\/page"}],"author":[{"embeddable":true,"href":"https:\/\/pincekertvendeglo.hu\/index.php?rest_route=\/wp\/v2\/users\/1"}],"replies":[{"embeddable":true,"href":"https:\/\/pincekertvendeglo.hu\/index.php?rest_route=%2Fwp%2Fv2%2Fcomments&post=63"}],"version-history":[{"count":28,"href":"https:\/\/pincekertvendeglo.hu\/index.php?rest_route=\/wp\/v2\/pages\/63\/revisions"}],"predecessor-version":[{"id":505,"href":"https:\/\/pincekertvendeglo.hu\/index.php?rest_route=\/wp\/v2\/pages\/63\/revisions\/505"}],"wp:attachment":[{"href":"https:\/\/pincekertvendeglo.hu\/index.php?rest_route=%2Fwp%2Fv2%2Fmedia&parent=63"}],"curies":[{"name":"wp","href":"https:\/\/api.w.org\/{rel}","templated":true}]}}