{"id":655,"date":"2025-04-10T09:31:19","date_gmt":"2025-04-10T07:31:19","guid":{"rendered":"https:\/\/pincekertvendeglo.hu\/?page_id=655"},"modified":"2026-03-29T14:42:36","modified_gmt":"2026-03-29T12:42:36","slug":"husveti-talak","status":"publish","type":"page","link":"https:\/\/pincekertvendeglo.hu\/?page_id=655","title":{"rendered":"H\u00fasv\u00e9ti T\u00e1lak"},"content":{"rendered":"\t\t<div data-elementor-type=\"wp-post\" data-elementor-id=\"655\" class=\"elementor elementor-655\">\n\t\t\t\t\t\t<section class=\"elementor-section elementor-top-section elementor-element elementor-element-55043bf elementor-section-boxed elementor-section-height-default elementor-section-height-default\" data-id=\"55043bf\" data-element_type=\"section\" data-settings=\"{&quot;background_background&quot;:&quot;classic&quot;}\">\n\t\t\t\t\t\t\t<div class=\"elementor-background-overlay\"><\/div>\n\t\t\t\t\t\t\t<div class=\"elementor-container elementor-column-gap-no\">\n\t\t\t\t\t<div class=\"aux-parallax-section elementor-column elementor-col-100 elementor-top-column elementor-element elementor-element-91acdae\" data-id=\"91acdae\" data-element_type=\"column\">\n\t\t\t<div class=\"elementor-widget-wrap elementor-element-populated\">\n\t\t\t\t\t\t<div class=\"elementor-element elementor-element-1b52e13 aux-appear-watch-animation aux-fade-in-right elementor-widget elementor-widget-aux_modern_heading\" data-id=\"1b52e13\" data-element_type=\"widget\" data-widget_type=\"aux_modern_heading.default\">\n\t\t\t\t<div class=\"elementor-widget-container\">\n\t\t\t<section class=\"aux-widget-modern-heading\">\n            <div class=\"aux-widget-inner\"><div class=\"aux-modern-heading-divider\"><\/div><h2 class=\"aux-modern-heading-primary\">H\u00daSV\u00c9TI T\u00c1LAK<\/h2><\/div>\n        <\/section>\t\t<\/div>\n\t\t\t\t<\/div>\n\t\t\t\t\t<\/div>\n\t\t<\/div>\n\t\t\t\t\t<\/div>\n\t\t<\/section>\n\t\t\t\t<section class=\"elementor-section elementor-top-section elementor-element elementor-element-9c314ed elementor-section-boxed elementor-section-height-default elementor-section-height-default\" data-id=\"9c314ed\" data-element_type=\"section\">\n\t\t\t\t\t\t<div class=\"elementor-container elementor-column-gap-default\">\n\t\t\t\t\t<div class=\"aux-parallax-section elementor-column elementor-col-100 elementor-top-column elementor-element elementor-element-44f541b\" data-id=\"44f541b\" data-element_type=\"column\">\n\t\t\t<div class=\"elementor-widget-wrap elementor-element-populated\">\n\t\t\t\t\t\t<div class=\"elementor-element elementor-element-2a5f984 elementor-widget elementor-widget-image\" data-id=\"2a5f984\" data-element_type=\"widget\" data-widget_type=\"image.default\">\n\t\t\t\t<div class=\"elementor-widget-container\">\n\t\t\t\t\t\t\t\t\t\t\t\t\t<img fetchpriority=\"high\" decoding=\"async\" width=\"1414\" height=\"2000\" src=\"https:\/\/pincekertvendeglo.hu\/wp-content\/uploads\/2026\/03\/White-and-Green-Modern-Salad-Menu-A4-masolata-13.png\" class=\"attachment-full size-full wp-image-1011\" alt=\"\" srcset=\"https:\/\/pincekertvendeglo.hu\/wp-content\/uploads\/2026\/03\/White-and-Green-Modern-Salad-Menu-A4-masolata-13.png 1414w, https:\/\/pincekertvendeglo.hu\/wp-content\/uploads\/2026\/03\/White-and-Green-Modern-Salad-Menu-A4-masolata-13-1086x1536.png 1086w, https:\/\/pincekertvendeglo.hu\/wp-content\/uploads\/2026\/03\/White-and-Green-Modern-Salad-Menu-A4-masolata-13-200x283.png 200w\" sizes=\"(max-width: 1414px) 100vw, 1414px\" \/>\t\t\t\t\t\t\t\t\t\t\t\t\t<\/div>\n\t\t\t\t<\/div>\n\t\t\t\t\t<\/div>\n\t\t<\/div>\n\t\t\t\t\t<\/div>\n\t\t<\/section>\n\t\t\t\t<\/div>\n\t\t","protected":false},"excerpt":{"rendered":"<p>H\u00daSV\u00c9TI T\u00c1LAK<\/p>\n","protected":false},"author":1,"featured_media":0,"parent":0,"menu_order":0,"comment_status":"closed","ping_status":"closed","template":"templates\/page-builder-content.php","meta":{"footnotes":""},"class_list":["post-655","page","type-page","status-publish","hentry"],"_links":{"self":[{"href":"https:\/\/pincekertvendeglo.hu\/index.php?rest_route=\/wp\/v2\/pages\/655","targetHints":{"allow":["GET"]}}],"collection":[{"href":"https:\/\/pincekertvendeglo.hu\/index.php?rest_route=\/wp\/v2\/pages"}],"about":[{"href":"https:\/\/pincekertvendeglo.hu\/index.php?rest_route=\/wp\/v2\/types\/page"}],"author":[{"embeddable":true,"href":"https:\/\/pincekertvendeglo.hu\/index.php?rest_route=\/wp\/v2\/users\/1"}],"replies":[{"embeddable":true,"href":"https:\/\/pincekertvendeglo.hu\/index.php?rest_route=%2Fwp%2Fv2%2Fcomments&post=655"}],"version-history":[{"count":16,"href":"https:\/\/pincekertvendeglo.hu\/index.php?rest_route=\/wp\/v2\/pages\/655\/revisions"}],"predecessor-version":[{"id":1014,"href":"https:\/\/pincekertvendeglo.hu\/index.php?rest_route=\/wp\/v2\/pages\/655\/revisions\/1014"}],"wp:attachment":[{"href":"https:\/\/pincekertvendeglo.hu\/index.php?rest_route=%2Fwp%2Fv2%2Fmedia&parent=655"}],"curies":[{"name":"wp","href":"https:\/\/api.w.org\/{rel}","templated":true}]}}